{"id":1430,"date":"2022-03-06T14:36:24","date_gmt":"2022-03-06T13:36:24","guid":{"rendered":"https:\/\/wp-dev.altmann-gmbh.de\/?page_id=1430"},"modified":"2022-06-28T10:54:01","modified_gmt":"2022-06-28T08:54:01","slug":"leitplastik-potentiometer","status":"publish","type":"page","link":"https:\/\/potentiometer.de\/en\/leitplastik-potentiometer\/","title":{"rendered":"Conductive Plastic-Potentiometer"},"content":{"rendered":"<style>\/*! elementor - v3.6.6 - 08-06-2022 *\/\n.elementor-heading-title{padding:0;margin:0;line-height:1}.elementor-widget-heading .elementor-heading-title[class*=elementor-size-]>a{color:inherit;font-size:inherit;line-height:inherit}.elementor-widget-heading .elementor-heading-title.elementor-size-small{font-size:15px}.elementor-widget-heading .elementor-heading-title.elementor-size-medium{font-size:19px}.elementor-widget-heading .elementor-heading-title.elementor-size-large{font-size:29px}.elementor-widget-heading .elementor-heading-title.elementor-size-xl{font-size:39px}.elementor-widget-heading .elementor-heading-title.elementor-size-xxl{font-size:59px}<\/style>\n<h1>Conductive Plastic-Potentiometer<\/h1>\n<style>\/*! elementor - v3.6.6 - 08-06-2022 *\/\n.elementor-widget-image{text-align:center}.elementor-widget-image a{display:inline-block}.elementor-widget-image a img[src$=\".svg\"]{width:48px}.elementor-widget-image img{vertical-align:middle;display:inline-block}<\/style>\n<p>\t\t\t\t\t\t\t\t\t\t\t\t\t<a href=\"\/en\/lpt18\"><br \/>\n\t\t\t\t\t\t\t<img loading=\"lazy\" decoding=\"async\" width=\"714\" height=\"482\" src=\"https:\/\/potentiometer.de\/wp-content\/uploads\/2022\/03\/LPT18_Leitplastik_Altmann-GmbH_potentiometer-1.jpg\" alt=\"\" loading=\"lazy\" srcset=\"https:\/\/potentiometer.de\/wp-content\/uploads\/2022\/03\/LPT18_Leitplastik_Altmann-GmbH_potentiometer-1.jpg 714w, https:\/\/potentiometer.de\/wp-content\/uploads\/2022\/03\/LPT18_Leitplastik_Altmann-GmbH_potentiometer-1-300x203.jpg 300w\" sizes=\"auto, (max-width: 714px) 100vw, 714px\" \/>\t\t\t\t\t\t\t\t<\/a><br \/>\n\t\t\t\t\t\t\t\t\t\t\t\t\t\t\t\t<a href=\"\/en\/lp11\"><br \/>\n\t\t\t\t\t\t\t<img loading=\"lazy\" decoding=\"async\" width=\"714\" height=\"482\" src=\"https:\/\/potentiometer.de\/wp-content\/uploads\/2022\/03\/LP11-Leitplastik_Altmann-GmbH_potentiometer.de_.jpg\" alt=\"\" loading=\"lazy\" srcset=\"https:\/\/potentiometer.de\/wp-content\/uploads\/2022\/03\/LP11-Leitplastik_Altmann-GmbH_potentiometer.de_.jpg 714w, https:\/\/potentiometer.de\/wp-content\/uploads\/2022\/03\/LP11-Leitplastik_Altmann-GmbH_potentiometer.de_-300x203.jpg 300w\" sizes=\"auto, (max-width: 714px) 100vw, 714px\" \/>\t\t\t\t\t\t\t\t<\/a><br \/>\n\t\t\t\t\t\t\t\t\t\t\t\t\t\t\t\t<a href=\"\/en\/lp15\"><br \/>\n\t\t\t\t\t\t\t<img loading=\"lazy\" decoding=\"async\" width=\"714\" height=\"482\" src=\"https:\/\/potentiometer.de\/wp-content\/uploads\/2022\/03\/LP15_Leitplastik_Altmann-GmbH_potentiometer-1.jpg\" alt=\"\" loading=\"lazy\" srcset=\"https:\/\/potentiometer.de\/wp-content\/uploads\/2022\/03\/LP15_Leitplastik_Altmann-GmbH_potentiometer-1.jpg 714w, https:\/\/potentiometer.de\/wp-content\/uploads\/2022\/03\/LP15_Leitplastik_Altmann-GmbH_potentiometer-1-300x203.jpg 300w\" sizes=\"auto, (max-width: 714px) 100vw, 714px\" \/>\t\t\t\t\t\t\t\t<\/a><br \/>\n\t\t\t\t\t\t\t\t\t\t\t\t\t\t\t\t<a href=\"\/en\/lp-22\"><br \/>\n\t\t\t\t\t\t\t<img loading=\"lazy\" decoding=\"async\" width=\"714\" height=\"482\" src=\"https:\/\/potentiometer.de\/wp-content\/uploads\/2022\/03\/LP22_Leitplastik_Altmann-GmbH_potentiometer-1.jpg\" alt=\"\" loading=\"lazy\" srcset=\"https:\/\/potentiometer.de\/wp-content\/uploads\/2022\/03\/LP22_Leitplastik_Altmann-GmbH_potentiometer-1.jpg 714w, https:\/\/potentiometer.de\/wp-content\/uploads\/2022\/03\/LP22_Leitplastik_Altmann-GmbH_potentiometer-1-300x203.jpg 300w\" sizes=\"auto, (max-width: 714px) 100vw, 714px\" \/>\t\t\t\t\t\t\t\t<\/a><\/p>\n<h2><a href=\"\/en\/lpt18\">LPT18<\/a><\/h2>\n<h2><a href=\"\/en\/lp11\">LP11<\/a><\/h2>\n<h2><a href=\"\/en\/lp15\">LP15<\/a><\/h2>\n<h2><a href=\"\/en\/lp-22\">LP-22\u200b<\/a><\/h2>\n<p><strong>Shaft<\/strong><\/p>\n<p>\u00d86&#215;20 mm<\/p>\n<p>\u00d86&#215;9 mm (D-Profile)<\/p>\n<p>\u00d84\u00d730 mm\/\u00d86&#215;35 mm<\/p>\n<p>\u00d86\u00d735 mm<\/p>\n<p><strong>Dimensions<\/strong><\/p>\n<p>\u00d822&#215;19,3 \/ 30,1 mm <br \/>(without shaft)<\/p>\n<p>16x20x17 mm<br \/>(without shaft)<\/p>\n<p>17x21x25 mm<br \/>(without shaft)<\/p>\n<p>\u00d834\u00d746<br \/>(without shaft)<\/p>\n<p><strong>Mounting types<\/strong><\/p>\n<p>M10 x 0,75<\/p>\n<p>M10 x 0,75<\/p>\n<p>M10 x 0,75<\/p>\n<p>M10 x 0,75<\/p>\n<p><strong>Torque<\/strong><\/p>\n<p>up to 1,5 Ncm<\/p>\n<p>0,5 to 6,0 Ncm<\/p>\n<p>&lt; 4,0 Ncm<\/p>\n<p>&lt; 4,0 Ncm<\/p>\n<p><strong>Electrical\/mechanical<br \/>rotation angle<\/strong><\/p>\n<p>320\u00b0\/320\u00b0<\/p>\n<p>310\u00b0\/320\u00b0<\/p>\n<p>270\u00b0\/300\u00b0<\/p>\n<p>270\u00b0\/300\u00b0<\/p>\n<p><strong>Rotation load life<\/strong><\/p>\n<p>1 x 10\u2076 slider path (360\u00b0)<\/p>\n<p>1 x 10\u2076 slider path (360\u00b0)<\/p>\n<p>15.000 cycles<\/p>\n<p>15.000 cycles<\/p>\n<p><strong>Type of connection<\/strong><\/p>\n<p>Solder and plug connection, printed connection, stranded wire<\/p>\n<p>Stranded wire 0,5E2<\/p>\n<p>Solder connection, printed connection, stranded wire<\/p>\n<p>Cable connection, terminal block<\/p>\n<p><strong>Resistor element<\/strong><\/p>\n<p>Conductive plastic<\/p>\n<p>Conductive plastic<\/p>\n<p>Conductive plastic<\/p>\n<p>Conductive plastic<\/p>\n<p><strong>Resistance values<br \/>+ Tolerance<\/strong><\/p>\n<p>1, 2, 5, 10 K-Ohm \u00b115%<\/p>\n<p>10 K-Ohm \u00b120%<\/p>\n<p>4,7, 10, 47, 100 K-Ohm \u00b120%<\/p>\n<p>4,7, 10, 47 K-Ohm \u00b120%<\/p>\n<p><strong>Linearity<\/strong><\/p>\n<p>\u00b12%<\/p>\n<p>\u00b12%<\/p>\n<p>\u00b14%<\/p>\n<p>\u00b14%<\/p>\n<p><strong>Sensor output<\/strong><\/p>\n<p>&#8211;<\/p>\n<p>&#8211;<\/p>\n<p>&#8211;<\/p>\n<p>&#8211;<\/p>\n<p><strong>Centre tap<\/strong><\/p>\n<p>&#8211;<\/p>\n<p>&#8211;<\/p>\n<p>&#8211;<\/p>\n<p>&#8211;<\/p>\n<p><strong>Application \/ <\/strong><strong>Market sector<br \/><\/strong>(Examples)<\/p>\n<p>Machinery and plant engineering<\/p>\n<p>Machinery and plant engineering<\/p>\n<p>Machinery and plant engineering, operating elements<\/p>\n<p>Machinery and plant engineering, operating elements<\/p>\n<p><strong>Properties<\/strong><\/p>\n<ul>\n<li>Glass fibre reinforced plastic housing<\/li>\n<li>High strength<\/li>\n<li>High thermal resistance<\/li>\n<li>Maintenance-free sliding bearing<\/li>\n<li>Optional up to max. IP67<\/li>\n<\/ul>\n<ul>\n<li>Compact construction<\/li>\n<li>Optional with metal reinforced axle<\/li>\n<li>Housing with integrated thread<\/li>\n<\/ul>\n<ul>\n<li>GRP-Polyester housing<\/li>\n<li>Special housing available, further connection options available<\/li>\n<li>Optional resistance tolerance \u00b110% possible<\/li>\n<li>Logarithmic characteristic available<\/li>\n<\/ul>\n<ul>\n<li>Glass fibre reinforced plastic housing<\/li>\n<li>Optional resistance tolerance \u00b110% possible<\/li>\n<li>Logarithmic characteristic available<\/li>\n<li>Up to protection class IP67 (housing) available<\/li>\n<\/ul>\n<h1>Leitplastik-Potentiometer<\/h1>\n<style>.elementor-toggle{text-align:left}.elementor-toggle .elementor-tab-title{font-weight:700;line-height:1;margin:0;padding:15px;border-bottom:1px solid #d4d4d4;cursor:pointer;outline:none}.elementor-toggle .elementor-tab-title .elementor-toggle-icon{display:inline-block;width:1em}.elementor-toggle .elementor-tab-title .elementor-toggle-icon svg{-webkit-margin-start:-5px;margin-inline-start:-5px;width:1em;height:1em}.elementor-toggle .elementor-tab-title .elementor-toggle-icon.elementor-toggle-icon-right{float:right;text-align:right}.elementor-toggle .elementor-tab-title .elementor-toggle-icon.elementor-toggle-icon-left{float:left;text-align:left}.elementor-toggle .elementor-tab-title .elementor-toggle-icon .elementor-toggle-icon-closed{display:block}.elementor-toggle .elementor-tab-title .elementor-toggle-icon .elementor-toggle-icon-opened{display:none}.elementor-toggle .elementor-tab-title.elementor-active{border-bottom:none}.elementor-toggle .elementor-tab-title.elementor-active .elementor-toggle-icon-closed{display:none}.elementor-toggle .elementor-tab-title.elementor-active .elementor-toggle-icon-opened{display:block}.elementor-toggle .elementor-tab-content{padding:15px;border-bottom:1px solid #d4d4d4;display:none}@media (max-width:900px){.elementor-toggle .elementor-tab-title{padding:12px}.elementor-toggle .elementor-tab-content{padding:12px 10px}}<\/style>\n<h2 id=\"elementor-tab-title-1961\" data-tab=\"1\" role=\"tab\" aria-controls=\"elementor-tab-content-1961\" aria-expanded=\"false\">\n\t\t\t\t\t\t\t\t\t\t\t\t<a href=\"\">LPT18<\/a><br \/>\n\t\t\t\t\t<\/h2>\n<p><a href=\"\/en\/lpt18\"><img fetchpriority=\"high\" decoding=\"async\" src=\"https:\/\/potentiometer.de\/wp-content\/uploads\/2022\/03\/LPT18_Leitplastik_Altmann-GmbH_potentiometer-300x203.jpg\" alt=\"\" width=\"300\" height=\"203\" \/><\/a><\/p>\n<ul>\n<li>Welle: \u00d86&#215;20 mm<\/li>\n<li>Baugr\u00f6\u00dfe: \u00d822&#215;19,3 \/ 30,1 mm (o. Welle)<\/li>\n<li>Befestigungsart: M10 x 0,75<\/li>\n<li>Drehmoment: bis 1,5 Ncm<\/li>\n<li>Drehwinkel elek.\/mech.: 320\u00b0\/320\u00b0<\/li>\n<li>Lebensdauer: 1 x 10\u2076 Schleiferweg (360\u00b0)<\/li>\n<li>Anschluss: L\u00f6t-\/Steckanschluss, Printanschluss, Anschlusslitzen<\/li>\n<li>Widerstandselement: Leitplastik<\/li>\n<li>Widerstandswerte + Toleranz: 1, 2, 5, 10 K-Ohm \u00b1 10% (\u00b115%)<\/li>\n<li>Linearit\u00e4t: \u00b12%<\/li>\n<li>Sensorausgang: \u2014<\/li>\n<li>Mittelanzapfung: \u2014<\/li>\n<li>Anwendung\/Marktsegment: Maschinen- und Anlagenbau<\/li>\n<li>Eigenschaften:\n<ul>\n<li>Glasfaserverst\u00e4rktes Kunststoffgeh\u00e4use<\/li>\n<li>Hohe Festigkeit<\/li>\n<li>Hohe W\u00e4rmebest\u00e4ndigkeit<\/li>\n<li>Wartungsfreies Gleitlager<\/li>\n<li>Optional bis max. IP67<\/li>\n<\/ul>\n<\/li>\n<\/ul>\n<p><a href=\"\/en\/lpt18\">Mehr erfahren<\/a><\/p>\n<h2 id=\"elementor-tab-title-1962\" data-tab=\"2\" role=\"tab\" aria-controls=\"elementor-tab-content-1962\" aria-expanded=\"false\">\n\t\t\t\t\t\t\t\t\t\t\t\t<a href=\"\">LP11<\/a><br \/>\n\t\t\t\t\t<\/h2>\n<p><a href=\"\/en\/lp11\"><img decoding=\"async\" src=\"https:\/\/potentiometer.de\/wp-content\/uploads\/2022\/03\/LP11_Leitplastik_Altmann-GmbH_potentiometer-300x203.jpg\" alt=\"\" width=\"300\" height=\"203\" \/><\/a><\/p>\n<ul>\n<li>Welle: \u00d86&#215;9 mm (D-Profil)<\/li>\n<li>Baugr\u00f6\u00dfe: 16x20x17 mm (o. Welle)<\/li>\n<li>Befestigungsart: M10 x 0,75<\/li>\n<li>Drehmoment: 0,5 bis 6,0 Ncm<\/li>\n<li>Drehwinkel elek.\/mech.: 310\u00b0\/320\u00b0<\/li>\n<li>Lebensdauer: 1 x 10\u2076 Schleiferweg (360\u00b0)<\/li>\n<li>Anschluss: Anschlusslitzen 0,5E2<\/li>\n<li>Widerstandselement: Leitplastik<\/li>\n<li>Widerstandswerte + Toleranz: 10 K-Ohm \u00b120%<\/li>\n<li>Linearit\u00e4t: \u00b12%<\/li>\n<li>Sensorausgang: \u2014<\/li>\n<li>Mittelanzapfung: \u2014<\/li>\n<li>Anwendung\/Marktsegment: Maschinen- und Anlagenbau<\/li>\n<li>Eigenschaften:\n<ul>\n<li>Kompakte Bauweise<\/li>\n<li>Optional mit metallverst\u00e4rkter Achse<\/li>\n<li>Geh\u00e4use mit integriertem Gewinde<\/li>\n<\/ul>\n<\/li>\n<\/ul>\n<p><a href=\"\/en\/lp11\">Mehr erfahren<\/a><\/p>\n<h2 id=\"elementor-tab-title-1963\" data-tab=\"3\" role=\"tab\" aria-controls=\"elementor-tab-content-1963\" aria-expanded=\"false\">\n\t\t\t\t\t\t\t\t\t\t\t\t<a href=\"\">LP15<\/a><br \/>\n\t\t\t\t\t<\/h2>\n<p><a href=\"\/en\/lp15\"><img decoding=\"async\" src=\"https:\/\/potentiometer.de\/wp-content\/uploads\/2022\/03\/LP15_Leitplastik_Altmann-GmbH_potentiometer-300x203.jpg\" alt=\"\" width=\"300\" height=\"203\" \/><\/a><\/p>\n<ul>\n<li>Welle:\u00a0\u00d84\u00d730 mm\/\u00d86&#215;35 mm<\/li>\n<li>Baugr\u00f6\u00dfe: 17x21x25 mm (o. Welle)<\/li>\n<li>Befestigungsart: M10 x 0,75<\/li>\n<li>Drehmoment: &lt; 4,0 Ncm<\/li>\n<li>Drehwinkel elek.\/mech.: 270\u00b0\/300\u00b0<\/li>\n<li>Lebensdauer: 15.000 Zyklen<\/li>\n<li>Anschluss: L\u00f6tanschluss, Printanschluss, Anschlusslitzen<\/li>\n<li>Widerstandselement: Leitplastik<\/li>\n<li>Widerstandswerte + Toleranz: 4,7, 10, 47, 100K-Ohm \u00b120%<\/li>\n<li>Linearit\u00e4t: \u00b14%<\/li>\n<li>Sensorausgang: \u2014<\/li>\n<li>Mittelanzapfung: \u2014<\/li>\n<li>Anwendung\/Marktsegment: Maschinen- und Anlagenbau, Bedienelemente<\/li>\n<li>Eigenschaften:\n<ul>\n<li>GFK-Polyester Geh\u00e4use<\/li>\n<li>\u00dcbergeh\u00e4use lieferbar, dadurch weitere Anschlussm\u00f6glichkeiten lieferbar<\/li>\n<li>Optional Widerstandstoleranz \u00b1 10% m\u00f6glich<\/li>\n<li>Logarithmische Kennlinie lieferbar<\/li>\n<\/ul>\n<\/li>\n<\/ul>\n<p><a href=\"\/en\/lp15\">Mehr erfahren<\/a><\/p>\n<h2 id=\"elementor-tab-title-1964\" data-tab=\"4\" role=\"tab\" aria-controls=\"elementor-tab-content-1964\" aria-expanded=\"false\">\n\t\t\t\t\t\t\t\t\t\t\t\t<a href=\"\">LP-22<\/a><br \/>\n\t\t\t\t\t<\/h2>\n<p><a href=\"\/en\/lp-22\"><img loading=\"lazy\" decoding=\"async\" src=\"https:\/\/potentiometer.de\/wp-content\/uploads\/2022\/03\/LP22_Leitplastik_Altmann-GmbH_potentiometer-300x203.jpg\" alt=\"\" width=\"300\" height=\"203\" \/><\/a><\/p>\n<ul>\n<li>Welle: \u00d86\u00d735 mm<\/li>\n<li>Baugr\u00f6\u00dfe: \u00d834\u00d746 (o. Welle)<\/li>\n<li>Befestigungsart: M10 x 0,75<\/li>\n<li>Drehmoment:\u00a0&lt; 4,0 Ncm<\/li>\n<li>Drehwinkel elek.\/mech.: 270\u00b0\/300\u00b0<\/li>\n<li>Lebensdauer: 15.000 Zyklen<\/li>\n<li>Anschluss: Kabelanschluss, Reihenklemme<\/li>\n<li>Widerstandselement: Leitplastik<\/li>\n<li>Widerstandswerte + Toleranz: 4,7, 10, 47K-Ohm \u00b120%<\/li>\n<li>Linearit\u00e4t: \u00b14%<\/li>\n<li>Sensorausgang: \u2014<\/li>\n<li>Mittelanzapfung: \u2014<\/li>\n<li>Anwendung\/Marktsegment: Maschinen- und Anlagenbau, Bedienelemente<\/li>\n<li>Eigenschaften:\n<ul>\n<li>Glasfaserverst\u00e4rktes Kunststoffgeh\u00e4use<\/li>\n<li>Optional Widerstandstoleranz \u00b1 10% m\u00f6glich<\/li>\n<li>Logarithmische Kennlinie lieferbar<\/li>\n<li>Bis Schutzart IP67 (geh\u00e4useseitig) verf\u00fcgbar<\/li>\n<\/ul>\n<\/li>\n<\/ul>\n<p><a href=\"\/en\/lp-22\">Mehr erfahren<\/a><\/p>\n","protected":false},"excerpt":{"rendered":"<p>Conductive Plastic-Potentiometer LPT18 LP11 LP15 LP-22\u200b Shaft \u00d86&#215;20 mm \u00d86&#215;9 mm (D-Profile) \u00d84\u00d730 mm\/\u00d86&#215;35 mm \u00d86\u00d735 mm Dimensions \u00d822&#215;19,3 \/ 30,1 mm (without shaft) 16x20x17 mm(without shaft) 17x21x25 mm(without shaft) \u00d834\u00d746(without shaft) Mounting types M10 x 0,75 M10 x 0,75 M10 x 0,75 M10 x 0,75 Torque up to 1,5 Ncm 0,5 to 6,0 Ncm [&hellip;]<\/p>\n","protected":false},"author":5,"featured_media":0,"parent":0,"menu_order":0,"comment_status":"closed","ping_status":"closed","template":"","meta":{"ocean_post_layout":"","ocean_both_sidebars_style":"","ocean_both_sidebars_content_width":0,"ocean_both_sidebars_sidebars_width":0,"ocean_sidebar":"0","ocean_second_sidebar":"0","ocean_disable_margins":"enable","ocean_add_body_class":"","ocean_shortcode_before_top_bar":"","ocean_shortcode_after_top_bar":"","ocean_shortcode_before_header":"","ocean_shortcode_after_header":"","ocean_has_shortcode":"","ocean_shortcode_after_title":"","ocean_shortcode_before_footer_widgets":"","ocean_shortcode_after_footer_widgets":"","ocean_shortcode_before_footer_bottom":"","ocean_shortcode_after_footer_bottom":"","ocean_display_top_bar":"default","ocean_display_header":"default","ocean_header_style":"","ocean_center_header_left_menu":"0","ocean_custom_header_template":"0","ocean_custom_logo":0,"ocean_custom_retina_logo":0,"ocean_custom_logo_max_width":0,"ocean_custom_logo_tablet_max_width":0,"ocean_custom_logo_mobile_max_width":0,"ocean_custom_logo_max_height":0,"ocean_custom_logo_tablet_max_height":0,"ocean_custom_logo_mobile_max_height":0,"ocean_header_custom_menu":"0","ocean_menu_typo_font_family":"0","ocean_menu_typo_font_subset":"","ocean_menu_typo_font_size":0,"ocean_menu_typo_font_size_tablet":0,"ocean_menu_typo_font_size_mobile":0,"ocean_menu_typo_font_size_unit":"px","ocean_menu_typo_font_weight":"","ocean_menu_typo_font_weight_tablet":"","ocean_menu_typo_font_weight_mobile":"","ocean_menu_typo_transform":"","ocean_menu_typo_transform_tablet":"","ocean_menu_typo_transform_mobile":"","ocean_menu_typo_line_height":0,"ocean_menu_typo_line_height_tablet":0,"ocean_menu_typo_line_height_mobile":0,"ocean_menu_typo_line_height_unit":"","ocean_menu_typo_spacing":0,"ocean_menu_typo_spacing_tablet":0,"ocean_menu_typo_spacing_mobile":0,"ocean_menu_typo_spacing_unit":"","ocean_menu_link_color":"","ocean_menu_link_color_hover":"","ocean_menu_link_color_active":"","ocean_menu_link_background":"","ocean_menu_link_hover_background":"","ocean_menu_link_active_background":"","ocean_menu_social_links_bg":"","ocean_menu_social_hover_links_bg":"","ocean_menu_social_links_color":"","ocean_menu_social_hover_links_color":"","ocean_disable_title":"default","ocean_disable_heading":"default","ocean_post_title":"","ocean_post_subheading":"","ocean_post_title_style":"","ocean_post_title_background_color":"","ocean_post_title_background":0,"ocean_post_title_bg_image_position":"","ocean_post_title_bg_image_attachment":"","ocean_post_title_bg_image_repeat":"","ocean_post_title_bg_image_size":"","ocean_post_title_height":0,"ocean_post_title_bg_overlay":0.5,"ocean_post_title_bg_overlay_color":"","ocean_disable_breadcrumbs":"default","ocean_breadcrumbs_color":"","ocean_breadcrumbs_separator_color":"","ocean_breadcrumbs_links_color":"","ocean_breadcrumbs_links_hover_color":"","ocean_display_footer_widgets":"default","ocean_display_footer_bottom":"default","ocean_custom_footer_template":"0","footnotes":""},"class_list":["post-1430","page","type-page","status-publish","hentry","entry"],"translation":{"provider":"WPGlobus","version":"3.0.2","language":"en","enabled_languages":["de","en"],"languages":{"de":{"title":true,"content":true,"excerpt":false},"en":{"title":true,"content":true,"excerpt":false}}},"_links":{"self":[{"href":"https:\/\/potentiometer.de\/en\/wp-json\/wp\/v2\/pages\/1430","targetHints":{"allow":["GET"]}}],"collection":[{"href":"https:\/\/potentiometer.de\/en\/wp-json\/wp\/v2\/pages"}],"about":[{"href":"https:\/\/potentiometer.de\/en\/wp-json\/wp\/v2\/types\/page"}],"author":[{"embeddable":true,"href":"https:\/\/potentiometer.de\/en\/wp-json\/wp\/v2\/users\/5"}],"replies":[{"embeddable":true,"href":"https:\/\/potentiometer.de\/en\/wp-json\/wp\/v2\/comments?post=1430"}],"version-history":[{"count":10,"href":"https:\/\/potentiometer.de\/en\/wp-json\/wp\/v2\/pages\/1430\/revisions"}],"predecessor-version":[{"id":5893,"href":"https:\/\/potentiometer.de\/en\/wp-json\/wp\/v2\/pages\/1430\/revisions\/5893"}],"wp:attachment":[{"href":"https:\/\/potentiometer.de\/en\/wp-json\/wp\/v2\/media?parent=1430"}],"curies":[{"name":"wp","href":"https:\/\/api.w.org\/{rel}","templated":true}]}}