{"id":255,"date":"2022-02-15T12:00:43","date_gmt":"2022-02-15T11:00:43","guid":{"rendered":"https:\/\/wp-dev.altmann-gmbh.de\/?page_id=255"},"modified":"2022-06-29T08:04:24","modified_gmt":"2022-06-29T06:04:24","slug":"kontakt","status":"publish","type":"page","link":"https:\/\/potentiometer.de\/en\/kontakt\/","title":{"rendered":"Contact"},"content":{"rendered":"<style>\/*! elementor - v3.6.6 - 08-06-2022 *\/\n.elementor-heading-title{padding:0;margin:0;line-height:1}.elementor-widget-heading .elementor-heading-title[class*=elementor-size-]>a{color:inherit;font-size:inherit;line-height:inherit}.elementor-widget-heading .elementor-heading-title.elementor-size-small{font-size:15px}.elementor-widget-heading .elementor-heading-title.elementor-size-medium{font-size:19px}.elementor-widget-heading .elementor-heading-title.elementor-size-large{font-size:29px}.elementor-widget-heading .elementor-heading-title.elementor-size-xl{font-size:39px}.elementor-widget-heading .elementor-heading-title.elementor-size-xxl{font-size:59px}<\/style>\n<h1>Contact<\/h1>\n<style>\/*! elementor - v3.6.6 - 08-06-2022 *\/\n.elementor-widget-image{text-align:center}.elementor-widget-image a{display:inline-block}.elementor-widget-image a img[src$=\".svg\"]{width:48px}.elementor-widget-image img{vertical-align:middle;display:inline-block}<\/style>\n<p>\t\t\t\t\t\t\t\t\t\t\t\t<img loading=\"lazy\" decoding=\"async\" width=\"1493\" height=\"554\" src=\"https:\/\/potentiometer.de\/wp-content\/uploads\/2022\/02\/Ausenansicht.png\" alt=\"\" loading=\"lazy\" srcset=\"https:\/\/potentiometer.de\/wp-content\/uploads\/2022\/02\/Ausenansicht.png 1493w, https:\/\/potentiometer.de\/wp-content\/uploads\/2022\/02\/Ausenansicht-300x111.png 300w, https:\/\/potentiometer.de\/wp-content\/uploads\/2022\/02\/Ausenansicht-1024x380.png 1024w, https:\/\/potentiometer.de\/wp-content\/uploads\/2022\/02\/Ausenansicht-768x285.png 768w\" sizes=\"auto, (max-width: 1493px) 100vw, 1493px\" \/>\t\t\t\t\t\t\t\t\t\t\t\t\t\t\t<\/p>\n<h2>Altmann GmbH Bauteile f\u00fcr Me\u00df- und Regeltechnik<\/h2>\n<p>Herringhauser Stra\u00dfe 29<br \/>D-32051 Herford<\/p>\n<p><a href=\"https:\/\/goo.gl\/maps\/pNdjdUkoG2gaxgRa6\" target=\"_blank\" rel=\"noreferrer noopener\">Show in Google Maps \u2013 external link<\/a><\/p>\n<p>Tel.: <a href=\"tel:+49522134040\">+49 5221 34040<\/a><br \/>Fax: +49 5221 340429<br \/>E-Mail: <a href=\"mailto:info@altmann-gmbh.de\">info@altmann-gmbh.de<\/a><\/p>\n<style>.elementor-toggle{text-align:left}.elementor-toggle .elementor-tab-title{font-weight:700;line-height:1;margin:0;padding:15px;border-bottom:1px solid #d4d4d4;cursor:pointer;outline:none}.elementor-toggle .elementor-tab-title .elementor-toggle-icon{display:inline-block;width:1em}.elementor-toggle .elementor-tab-title .elementor-toggle-icon svg{-webkit-margin-start:-5px;margin-inline-start:-5px;width:1em;height:1em}.elementor-toggle .elementor-tab-title .elementor-toggle-icon.elementor-toggle-icon-right{float:right;text-align:right}.elementor-toggle .elementor-tab-title .elementor-toggle-icon.elementor-toggle-icon-left{float:left;text-align:left}.elementor-toggle .elementor-tab-title .elementor-toggle-icon .elementor-toggle-icon-closed{display:block}.elementor-toggle .elementor-tab-title .elementor-toggle-icon .elementor-toggle-icon-opened{display:none}.elementor-toggle .elementor-tab-title.elementor-active{border-bottom:none}.elementor-toggle .elementor-tab-title.elementor-active .elementor-toggle-icon-closed{display:none}.elementor-toggle .elementor-tab-title.elementor-active .elementor-toggle-icon-opened{display:block}.elementor-toggle .elementor-tab-content{padding:15px;border-bottom:1px solid #d4d4d4;display:none}@media (max-width:900px){.elementor-toggle .elementor-tab-title{padding:12px}.elementor-toggle .elementor-tab-content{padding:12px 10px}}<\/style>\n<h2 id=\"elementor-tab-title-1211\" data-tab=\"1\" role=\"tab\" aria-controls=\"elementor-tab-content-1211\" aria-expanded=\"false\">\n\t\t\t\t\t\t\t\t\t\t\t\t<a href=\"\">Sales<\/a><br \/>\n\t\t\t\t\t<\/h2>\n<p>Tel.: <a href=\"tel:+49522134040\">+49 5221 34040<\/a><br \/>E-Mail: <a href=\"mailto:vertrieb@altmann-gmbh.de\">vertrieb@altmann-gmbh.de<\/a><\/p>\n<h2 id=\"elementor-tab-title-1212\" data-tab=\"2\" role=\"tab\" aria-controls=\"elementor-tab-content-1212\" aria-expanded=\"false\">\n\t\t\t\t\t\t\t\t\t\t\t\t<a href=\"\">Purchasing<\/a><br \/>\n\t\t\t\t\t<\/h2>\n<p>Tel.: <a href=\"tel:+49522134040\">+49 5221 34040<\/a><br \/>E-Mail: <a href=\"mailto:einkauf@altmann-gmbh.de\">einkauf@altmann-gmbh.de<\/a><\/p>\n<h2>Do you would like to get in contact with us?<\/h2>\n<h2>E-Mail-Attachments<\/h2>\n<p>\t\tWe only accept<strong> files in PDF format<\/strong> as e-mail attachments. Please get in contact with us, if you would like to send us a different type of file.<\/p>\n","protected":false},"excerpt":{"rendered":"<p>Contact Altmann GmbH Bauteile f\u00fcr Me\u00df- und Regeltechnik Herringhauser Stra\u00dfe 29D-32051 Herford Show in Google Maps \u2013 external link Tel.: +49 5221 34040Fax: +49 5221 340429E-Mail: info@altmann-gmbh.de Sales Tel.: +49 5221 34040E-Mail: vertrieb@altmann-gmbh.de Purchasing Tel.: +49 5221 34040E-Mail: einkauf@altmann-gmbh.de Do you would like to get in contact with us? E-Mail-Attachments We only accept files in [&hellip;]<\/p>\n","protected":false},"author":5,"featured_media":0,"parent":0,"menu_order":0,"comment_status":"closed","ping_status":"closed","template":"","meta":{"ocean_post_layout":"","ocean_both_sidebars_style":"","ocean_both_sidebars_content_width":0,"ocean_both_sidebars_sidebars_width":0,"ocean_sidebar":"0","ocean_second_sidebar":"0","ocean_disable_margins":"enable","ocean_add_body_class":"","ocean_shortcode_before_top_bar":"","ocean_shortcode_after_top_bar":"","ocean_shortcode_before_header":"","ocean_shortcode_after_header":"","ocean_has_shortcode":"","ocean_shortcode_after_title":"","ocean_shortcode_before_footer_widgets":"","ocean_shortcode_after_footer_widgets":"","ocean_shortcode_before_footer_bottom":"","ocean_shortcode_after_footer_bottom":"","ocean_display_top_bar":"default","ocean_display_header":"default","ocean_header_style":"","ocean_center_header_left_menu":"0","ocean_custom_header_template":"0","ocean_custom_logo":0,"ocean_custom_retina_logo":0,"ocean_custom_logo_max_width":0,"ocean_custom_logo_tablet_max_width":0,"ocean_custom_logo_mobile_max_width":0,"ocean_custom_logo_max_height":0,"ocean_custom_logo_tablet_max_height":0,"ocean_custom_logo_mobile_max_height":0,"ocean_header_custom_menu":"0","ocean_menu_typo_font_family":"0","ocean_menu_typo_font_subset":"","ocean_menu_typo_font_size":0,"ocean_menu_typo_font_size_tablet":0,"ocean_menu_typo_font_size_mobile":0,"ocean_menu_typo_font_size_unit":"px","ocean_menu_typo_font_weight":"","ocean_menu_typo_font_weight_tablet":"","ocean_menu_typo_font_weight_mobile":"","ocean_menu_typo_transform":"","ocean_menu_typo_transform_tablet":"","ocean_menu_typo_transform_mobile":"","ocean_menu_typo_line_height":0,"ocean_menu_typo_line_height_tablet":0,"ocean_menu_typo_line_height_mobile":0,"ocean_menu_typo_line_height_unit":"","ocean_menu_typo_spacing":0,"ocean_menu_typo_spacing_tablet":0,"ocean_menu_typo_spacing_mobile":0,"ocean_menu_typo_spacing_unit":"","ocean_menu_link_color":"","ocean_menu_link_color_hover":"","ocean_menu_link_color_active":"","ocean_menu_link_background":"","ocean_menu_link_hover_background":"","ocean_menu_link_active_background":"","ocean_menu_social_links_bg":"","ocean_menu_social_hover_links_bg":"","ocean_menu_social_links_color":"","ocean_menu_social_hover_links_color":"","ocean_disable_title":"default","ocean_disable_heading":"default","ocean_post_title":"","ocean_post_subheading":"","ocean_post_title_style":"","ocean_post_title_background_color":"","ocean_post_title_background":0,"ocean_post_title_bg_image_position":"","ocean_post_title_bg_image_attachment":"","ocean_post_title_bg_image_repeat":"","ocean_post_title_bg_image_size":"","ocean_post_title_height":0,"ocean_post_title_bg_overlay":0.5,"ocean_post_title_bg_overlay_color":"","ocean_disable_breadcrumbs":"default","ocean_breadcrumbs_color":"","ocean_breadcrumbs_separator_color":"","ocean_breadcrumbs_links_color":"","ocean_breadcrumbs_links_hover_color":"","ocean_display_footer_widgets":"default","ocean_display_footer_bottom":"default","ocean_custom_footer_template":"0","footnotes":""},"class_list":["post-255","page","type-page","status-publish","hentry","entry"],"translation":{"provider":"WPGlobus","version":"3.0.2","language":"en","enabled_languages":["de","en"],"languages":{"de":{"title":true,"content":true,"excerpt":false},"en":{"title":true,"content":true,"excerpt":false}}},"_links":{"self":[{"href":"https:\/\/potentiometer.de\/en\/wp-json\/wp\/v2\/pages\/255","targetHints":{"allow":["GET"]}}],"collection":[{"href":"https:\/\/potentiometer.de\/en\/wp-json\/wp\/v2\/pages"}],"about":[{"href":"https:\/\/potentiometer.de\/en\/wp-json\/wp\/v2\/types\/page"}],"author":[{"embeddable":true,"href":"https:\/\/potentiometer.de\/en\/wp-json\/wp\/v2\/users\/5"}],"replies":[{"embeddable":true,"href":"https:\/\/potentiometer.de\/en\/wp-json\/wp\/v2\/comments?post=255"}],"version-history":[{"count":10,"href":"https:\/\/potentiometer.de\/en\/wp-json\/wp\/v2\/pages\/255\/revisions"}],"predecessor-version":[{"id":5903,"href":"https:\/\/potentiometer.de\/en\/wp-json\/wp\/v2\/pages\/255\/revisions\/5903"}],"wp:attachment":[{"href":"https:\/\/potentiometer.de\/en\/wp-json\/wp\/v2\/media?parent=255"}],"curies":[{"name":"wp","href":"https:\/\/api.w.org\/{rel}","templated":true}]}}